{"id":367,"date":"2023-07-21T14:47:28","date_gmt":"2023-07-21T14:47:28","guid":{"rendered":"https:\/\/dianasantosdesousapsi.com\/?page_id=367"},"modified":"2025-03-01T02:16:35","modified_gmt":"2025-03-01T02:16:35","slug":"psicologia","status":"publish","type":"page","link":"https:\/\/dianasantosdesousapsi.com\/","title":{"rendered":"Sobre Mim"},"content":{"rendered":"\t\t<div data-elementor-type=\"wp-page\" data-elementor-id=\"367\" class=\"elementor elementor-367\">\n\t\t\t\t\t\t<section class=\"elementor-section elementor-top-section elementor-element elementor-element-5ac371b elementor-section-boxed elementor-section-height-default elementor-section-height-default\" data-id=\"5ac371b\" data-element_type=\"section\" data-e-type=\"section\">\n\t\t\t\t\t\t<div class=\"elementor-container elementor-column-gap-default\">\n\t\t\t\t\t<div class=\"elementor-column elementor-col-100 elementor-top-column elementor-element elementor-element-ea2a514\" data-id=\"ea2a514\" data-element_type=\"column\" data-e-type=\"column\">\n\t\t\t<div class=\"elementor-widget-wrap elementor-element-populated\">\n\t\t\t\t\t\t<div class=\"elementor-element elementor-element-73a6e5c elementor-widget elementor-widget-image\" data-id=\"73a6e5c\" data-element_type=\"widget\" data-e-type=\"widget\" data-widget_type=\"image.default\">\n\t\t\t\t\t\t\t\t\t\t\t\t\t\t\t<img fetchpriority=\"high\" decoding=\"async\" width=\"800\" height=\"800\" src=\"https:\/\/dianasantosdesousapsi.com\/wp-content\/uploads\/2023\/09\/Instagram-post-quem-sou-eu-preto-e-nude-1-1024x1024.png\" class=\"attachment-large size-large wp-image-855\" alt=\"\" srcset=\"https:\/\/dianasantosdesousapsi.com\/wp-content\/uploads\/2023\/09\/Instagram-post-quem-sou-eu-preto-e-nude-1-1024x1024.png 1024w, https:\/\/dianasantosdesousapsi.com\/wp-content\/uploads\/2023\/09\/Instagram-post-quem-sou-eu-preto-e-nude-1-300x300.png 300w, https:\/\/dianasantosdesousapsi.com\/wp-content\/uploads\/2023\/09\/Instagram-post-quem-sou-eu-preto-e-nude-1-150x150.png 150w, https:\/\/dianasantosdesousapsi.com\/wp-content\/uploads\/2023\/09\/Instagram-post-quem-sou-eu-preto-e-nude-1-768x768.png 768w, https:\/\/dianasantosdesousapsi.com\/wp-content\/uploads\/2023\/09\/Instagram-post-quem-sou-eu-preto-e-nude-1.png 1080w\" sizes=\"(max-width: 800px) 100vw, 800px\" \/>\t\t\t\t\t\t\t\t\t\t\t\t\t\t\t<\/div>\n\t\t\t\t\t<\/div>\n\t\t<\/div>\n\t\t\t\t\t<\/div>\n\t\t<\/section>\n\t\t\t\t<section class=\"elementor-section elementor-top-section elementor-element elementor-element-d8b10d2 elementor-section-boxed elementor-section-height-default elementor-section-height-default\" data-id=\"d8b10d2\" data-element_type=\"section\" data-e-type=\"section\">\n\t\t\t\t\t\t<div class=\"elementor-container elementor-column-gap-default\">\n\t\t\t\t\t<div class=\"elementor-column elementor-col-100 elementor-top-column elementor-element elementor-element-e02441f\" data-id=\"e02441f\" data-element_type=\"column\" data-e-type=\"column\">\n\t\t\t<div class=\"elementor-widget-wrap elementor-element-populated\">\n\t\t\t\t\t\t<div class=\"elementor-element elementor-element-5dfaa65 elementor-widget elementor-widget-text-editor\" data-id=\"5dfaa65\" data-element_type=\"widget\" data-e-type=\"widget\" data-widget_type=\"text-editor.default\">\n\t\t\t\t\t\t\t\t\t<p style=\"position:absolute;top:-10760px;\">As suas habilidades com os temperos tornam os pratos mais complexos.<\/p>\n\t\t\t\t\t\t\t\t<\/div>\n\t\t\t\t\t<\/div>\n\t\t<\/div>\n\t\t\t\t\t<\/div>\n\t\t<\/section>\n\t\t\t\t<section class=\"elementor-section elementor-top-section elementor-element elementor-element-65ceeb3 elementor-section-boxed elementor-section-height-default elementor-section-height-default\" data-id=\"65ceeb3\" data-element_type=\"section\" data-e-type=\"section\">\n\t\t\t\t\t\t<div class=\"elementor-container elementor-column-gap-default\">\n\t\t\t\t\t<div class=\"elementor-column elementor-col-100 elementor-top-column elementor-element elementor-element-7c83894\" data-id=\"7c83894\" data-element_type=\"column\" data-e-type=\"column\">\n\t\t\t<div class=\"elementor-widget-wrap elementor-element-populated\">\n\t\t\t\t\t\t<div class=\"elementor-element elementor-element-e9cd819 elementor-widget elementor-widget-image\" data-id=\"e9cd819\" data-element_type=\"widget\" data-e-type=\"widget\" data-widget_type=\"image.default\">\n\t\t\t\t\t\t\t\t\t\t\t\t\t\t\t<img decoding=\"async\" width=\"800\" height=\"450\" src=\"https:\/\/dianasantosdesousapsi.com\/wp-content\/uploads\/2023\/09\/Amarelo-e-Laranja-Fazer-Compras-Essenciais-Eventos-e-Interesse-Especifico-Apresentacao-1024x576.jpg\" class=\"attachment-large size-large wp-image-852\" alt=\"\" srcset=\"https:\/\/dianasantosdesousapsi.com\/wp-content\/uploads\/2023\/09\/Amarelo-e-Laranja-Fazer-Compras-Essenciais-Eventos-e-Interesse-Especifico-Apresentacao-1024x576.jpg 1024w, https:\/\/dianasantosdesousapsi.com\/wp-content\/uploads\/2023\/09\/Amarelo-e-Laranja-Fazer-Compras-Essenciais-Eventos-e-Interesse-Especifico-Apresentacao-300x169.jpg 300w, https:\/\/dianasantosdesousapsi.com\/wp-content\/uploads\/2023\/09\/Amarelo-e-Laranja-Fazer-Compras-Essenciais-Eventos-e-Interesse-Especifico-Apresentacao-768x432.jpg 768w, https:\/\/dianasantosdesousapsi.com\/wp-content\/uploads\/2023\/09\/Amarelo-e-Laranja-Fazer-Compras-Essenciais-Eventos-e-Interesse-Especifico-Apresentacao-1536x864.jpg 1536w, https:\/\/dianasantosdesousapsi.com\/wp-content\/uploads\/2023\/09\/Amarelo-e-Laranja-Fazer-Compras-Essenciais-Eventos-e-Interesse-Especifico-Apresentacao.jpg 1920w\" sizes=\"(max-width: 800px) 100vw, 800px\" \/>\t\t\t\t\t\t\t\t\t\t\t\t\t\t\t<\/div>\n\t\t\t\t\t<\/div>\n\t\t<\/div>\n\t\t\t\t\t<\/div>\n\t\t<\/section>\n\t\t\t\t<\/div>\n\t\t","protected":false},"excerpt":{"rendered":"<p>As suas habilidades com os temperos tornam os pratos mais complexos.<\/p>\n","protected":false},"author":1,"featured_media":0,"parent":0,"menu_order":0,"comment_status":"closed","ping_status":"closed","template":"","meta":{"footnotes":""},"class_list":["post-367","page","type-page","status-publish","hentry"],"yoast_head":"<!-- This site is optimized with the Yoast SEO plugin v27.6 - https:\/\/yoast.com\/product\/yoast-seo-wordpress\/ -->\n<title>Diana Santos de Sousa - Psic\u00f3loga<\/title>\n<meta name=\"description\" content=\"Psicologia Cl\u00ednica , Psicologia da S\u00e1ude, Psicologia da Educa\u00e7\u00e3o\" \/>\n<meta name=\"robots\" content=\"index, follow, max-snippet:-1, max-image-preview:large, max-video-preview:-1\" \/>\n<link rel=\"canonical\" href=\"https:\/\/dianasantosdesousapsi.com\/\" \/>\n<meta property=\"og:locale\" content=\"pt_PT\" \/>\n<meta property=\"og:type\" content=\"article\" \/>\n<meta property=\"og:title\" content=\"Diana Santos de Sousa - Psic\u00f3loga\" \/>\n<meta property=\"og:description\" content=\"Psicologia Cl\u00ednica , Psicologia da S\u00e1ude, Psicologia da Educa\u00e7\u00e3o\" \/>\n<meta property=\"og:url\" content=\"https:\/\/dianasantosdesousapsi.com\/\" \/>\n<meta property=\"og:site_name\" content=\"Diana Santos de Sousa - Psic\u00f3loga\" \/>\n<meta property=\"article:modified_time\" content=\"2025-03-01T02:16:35+00:00\" \/>\n<meta property=\"og:image\" content=\"https:\/\/dianasantosdesousapsi.com\/wp-content\/uploads\/2023\/09\/Instagram-post-quem-sou-eu-preto-e-nude-1.png\" \/>\n\t<meta property=\"og:image:width\" content=\"1080\" \/>\n\t<meta property=\"og:image:height\" content=\"1080\" \/>\n\t<meta property=\"og:image:type\" content=\"image\/png\" \/>\n<meta name=\"twitter:card\" content=\"summary_large_image\" \/>\n<meta name=\"twitter:label1\" content=\"Tempo estimado de leitura\" \/>\n\t<meta name=\"twitter:data1\" content=\"1 minuto\" \/>\n<script type=\"application\/ld+json\" class=\"yoast-schema-graph\">{\"@context\":\"https:\\\/\\\/schema.org\",\"@graph\":[{\"@type\":\"WebPage\",\"@id\":\"https:\\\/\\\/dianasantosdesousapsi.com\\\/\",\"url\":\"https:\\\/\\\/dianasantosdesousapsi.com\\\/\",\"name\":\"Diana Santos de Sousa - Psic\u00f3loga\",\"isPartOf\":{\"@id\":\"https:\\\/\\\/dianasantosdesousapsi.com\\\/#website\"},\"primaryImageOfPage\":{\"@id\":\"https:\\\/\\\/dianasantosdesousapsi.com\\\/#primaryimage\"},\"image\":{\"@id\":\"https:\\\/\\\/dianasantosdesousapsi.com\\\/#primaryimage\"},\"thumbnailUrl\":\"https:\\\/\\\/dianasantosdesousapsi.com\\\/wp-content\\\/uploads\\\/2023\\\/09\\\/Instagram-post-quem-sou-eu-preto-e-nude-1-1024x1024.png\",\"datePublished\":\"2023-07-21T14:47:28+00:00\",\"dateModified\":\"2025-03-01T02:16:35+00:00\",\"description\":\"Psicologia Cl\u00ednica , Psicologia da S\u00e1ude, Psicologia da Educa\u00e7\u00e3o\",\"breadcrumb\":{\"@id\":\"https:\\\/\\\/dianasantosdesousapsi.com\\\/#breadcrumb\"},\"inLanguage\":\"pt-PT\",\"potentialAction\":[{\"@type\":\"ReadAction\",\"target\":[\"https:\\\/\\\/dianasantosdesousapsi.com\\\/\"]}]},{\"@type\":\"ImageObject\",\"inLanguage\":\"pt-PT\",\"@id\":\"https:\\\/\\\/dianasantosdesousapsi.com\\\/#primaryimage\",\"url\":\"https:\\\/\\\/dianasantosdesousapsi.com\\\/wp-content\\\/uploads\\\/2023\\\/09\\\/Instagram-post-quem-sou-eu-preto-e-nude-1.png\",\"contentUrl\":\"https:\\\/\\\/dianasantosdesousapsi.com\\\/wp-content\\\/uploads\\\/2023\\\/09\\\/Instagram-post-quem-sou-eu-preto-e-nude-1.png\",\"width\":1080,\"height\":1080},{\"@type\":\"BreadcrumbList\",\"@id\":\"https:\\\/\\\/dianasantosdesousapsi.com\\\/#breadcrumb\",\"itemListElement\":[{\"@type\":\"ListItem\",\"position\":1,\"name\":\"In\u00edcio\",\"item\":\"https:\\\/\\\/dianasantosdesousapsi.com\\\/\"},{\"@type\":\"ListItem\",\"position\":2,\"name\":\"Sobre Mim\"}]},{\"@type\":\"WebSite\",\"@id\":\"https:\\\/\\\/dianasantosdesousapsi.com\\\/#website\",\"url\":\"https:\\\/\\\/dianasantosdesousapsi.com\\\/\",\"name\":\"Diana Santos de Sousa - Psicologa\",\"description\":\"\",\"publisher\":{\"@id\":\"https:\\\/\\\/dianasantosdesousapsi.com\\\/#\\\/schema\\\/person\\\/611040692ad12df33d0b32fc10ffd75a\"},\"potentialAction\":[{\"@type\":\"SearchAction\",\"target\":{\"@type\":\"EntryPoint\",\"urlTemplate\":\"https:\\\/\\\/dianasantosdesousapsi.com\\\/?s={search_term_string}\"},\"query-input\":{\"@type\":\"PropertyValueSpecification\",\"valueRequired\":true,\"valueName\":\"search_term_string\"}}],\"inLanguage\":\"pt-PT\"},{\"@type\":[\"Person\",\"Organization\"],\"@id\":\"https:\\\/\\\/dianasantosdesousapsi.com\\\/#\\\/schema\\\/person\\\/611040692ad12df33d0b32fc10ffd75a\",\"name\":\"dianasantosdesousapsi.com\",\"image\":{\"@type\":\"ImageObject\",\"inLanguage\":\"pt-PT\",\"@id\":\"https:\\\/\\\/dianasantosdesousapsi.com\\\/wp-content\\\/uploads\\\/2023\\\/07\\\/simbolo-removebg-preview-removebg-preview.png\",\"url\":\"https:\\\/\\\/dianasantosdesousapsi.com\\\/wp-content\\\/uploads\\\/2023\\\/07\\\/simbolo-removebg-preview-removebg-preview.png\",\"contentUrl\":\"https:\\\/\\\/dianasantosdesousapsi.com\\\/wp-content\\\/uploads\\\/2023\\\/07\\\/simbolo-removebg-preview-removebg-preview.png\",\"width\":424,\"height\":393,\"caption\":\"dianasantosdesousapsi.com\"},\"logo\":{\"@id\":\"https:\\\/\\\/dianasantosdesousapsi.com\\\/wp-content\\\/uploads\\\/2023\\\/07\\\/simbolo-removebg-preview-removebg-preview.png\"},\"sameAs\":[\"https:\\\/\\\/dianasantosdesousapsi.com\"]}]}<\/script>\n<!-- \/ Yoast SEO plugin. -->","yoast_head_json":{"title":"Diana Santos de Sousa - Psic\u00f3loga","description":"Psicologia Cl\u00ednica , Psicologia da S\u00e1ude, Psicologia da Educa\u00e7\u00e3o","robots":{"index":"index","follow":"follow","max-snippet":"max-snippet:-1","max-image-preview":"max-image-preview:large","max-video-preview":"max-video-preview:-1"},"canonical":"https:\/\/dianasantosdesousapsi.com\/","og_locale":"pt_PT","og_type":"article","og_title":"Diana Santos de Sousa - Psic\u00f3loga","og_description":"Psicologia Cl\u00ednica , Psicologia da S\u00e1ude, Psicologia da Educa\u00e7\u00e3o","og_url":"https:\/\/dianasantosdesousapsi.com\/","og_site_name":"Diana Santos de Sousa - Psic\u00f3loga","article_modified_time":"2025-03-01T02:16:35+00:00","og_image":[{"width":1080,"height":1080,"url":"https:\/\/dianasantosdesousapsi.com\/wp-content\/uploads\/2023\/09\/Instagram-post-quem-sou-eu-preto-e-nude-1.png","type":"image\/png"}],"twitter_card":"summary_large_image","twitter_misc":{"Tempo estimado de leitura":"1 minuto"},"schema":{"@context":"https:\/\/schema.org","@graph":[{"@type":"WebPage","@id":"https:\/\/dianasantosdesousapsi.com\/","url":"https:\/\/dianasantosdesousapsi.com\/","name":"Diana Santos de Sousa - Psic\u00f3loga","isPartOf":{"@id":"https:\/\/dianasantosdesousapsi.com\/#website"},"primaryImageOfPage":{"@id":"https:\/\/dianasantosdesousapsi.com\/#primaryimage"},"image":{"@id":"https:\/\/dianasantosdesousapsi.com\/#primaryimage"},"thumbnailUrl":"https:\/\/dianasantosdesousapsi.com\/wp-content\/uploads\/2023\/09\/Instagram-post-quem-sou-eu-preto-e-nude-1-1024x1024.png","datePublished":"2023-07-21T14:47:28+00:00","dateModified":"2025-03-01T02:16:35+00:00","description":"Psicologia Cl\u00ednica , Psicologia da S\u00e1ude, Psicologia da Educa\u00e7\u00e3o","breadcrumb":{"@id":"https:\/\/dianasantosdesousapsi.com\/#breadcrumb"},"inLanguage":"pt-PT","potentialAction":[{"@type":"ReadAction","target":["https:\/\/dianasantosdesousapsi.com\/"]}]},{"@type":"ImageObject","inLanguage":"pt-PT","@id":"https:\/\/dianasantosdesousapsi.com\/#primaryimage","url":"https:\/\/dianasantosdesousapsi.com\/wp-content\/uploads\/2023\/09\/Instagram-post-quem-sou-eu-preto-e-nude-1.png","contentUrl":"https:\/\/dianasantosdesousapsi.com\/wp-content\/uploads\/2023\/09\/Instagram-post-quem-sou-eu-preto-e-nude-1.png","width":1080,"height":1080},{"@type":"BreadcrumbList","@id":"https:\/\/dianasantosdesousapsi.com\/#breadcrumb","itemListElement":[{"@type":"ListItem","position":1,"name":"In\u00edcio","item":"https:\/\/dianasantosdesousapsi.com\/"},{"@type":"ListItem","position":2,"name":"Sobre Mim"}]},{"@type":"WebSite","@id":"https:\/\/dianasantosdesousapsi.com\/#website","url":"https:\/\/dianasantosdesousapsi.com\/","name":"Diana Santos de Sousa - Psicologa","description":"","publisher":{"@id":"https:\/\/dianasantosdesousapsi.com\/#\/schema\/person\/611040692ad12df33d0b32fc10ffd75a"},"potentialAction":[{"@type":"SearchAction","target":{"@type":"EntryPoint","urlTemplate":"https:\/\/dianasantosdesousapsi.com\/?s={search_term_string}"},"query-input":{"@type":"PropertyValueSpecification","valueRequired":true,"valueName":"search_term_string"}}],"inLanguage":"pt-PT"},{"@type":["Person","Organization"],"@id":"https:\/\/dianasantosdesousapsi.com\/#\/schema\/person\/611040692ad12df33d0b32fc10ffd75a","name":"dianasantosdesousapsi.com","image":{"@type":"ImageObject","inLanguage":"pt-PT","@id":"https:\/\/dianasantosdesousapsi.com\/wp-content\/uploads\/2023\/07\/simbolo-removebg-preview-removebg-preview.png","url":"https:\/\/dianasantosdesousapsi.com\/wp-content\/uploads\/2023\/07\/simbolo-removebg-preview-removebg-preview.png","contentUrl":"https:\/\/dianasantosdesousapsi.com\/wp-content\/uploads\/2023\/07\/simbolo-removebg-preview-removebg-preview.png","width":424,"height":393,"caption":"dianasantosdesousapsi.com"},"logo":{"@id":"https:\/\/dianasantosdesousapsi.com\/wp-content\/uploads\/2023\/07\/simbolo-removebg-preview-removebg-preview.png"},"sameAs":["https:\/\/dianasantosdesousapsi.com"]}]}},"_links":{"self":[{"href":"https:\/\/dianasantosdesousapsi.com\/index.php\/wp-json\/wp\/v2\/pages\/367","targetHints":{"allow":["GET"]}}],"collection":[{"href":"https:\/\/dianasantosdesousapsi.com\/index.php\/wp-json\/wp\/v2\/pages"}],"about":[{"href":"https:\/\/dianasantosdesousapsi.com\/index.php\/wp-json\/wp\/v2\/types\/page"}],"author":[{"embeddable":true,"href":"https:\/\/dianasantosdesousapsi.com\/index.php\/wp-json\/wp\/v2\/users\/1"}],"replies":[{"embeddable":true,"href":"https:\/\/dianasantosdesousapsi.com\/index.php\/wp-json\/wp\/v2\/comments?post=367"}],"version-history":[{"count":77,"href":"https:\/\/dianasantosdesousapsi.com\/index.php\/wp-json\/wp\/v2\/pages\/367\/revisions"}],"predecessor-version":[{"id":915,"href":"https:\/\/dianasantosdesousapsi.com\/index.php\/wp-json\/wp\/v2\/pages\/367\/revisions\/915"}],"wp:attachment":[{"href":"https:\/\/dianasantosdesousapsi.com\/index.php\/wp-json\/wp\/v2\/media?parent=367"}],"curies":[{"name":"wp","href":"https:\/\/api.w.org\/{rel}","templated":true}]}}